{"id":6,"date":"2021-01-21T21:36:52","date_gmt":"2021-01-21T20:36:52","guid":{"rendered":"https:\/\/www.lacna3dtlac.sk\/?page_id=6"},"modified":"2021-01-22T21:35:16","modified_gmt":"2021-01-22T20:35:16","slug":"uvodna-stranka","status":"publish","type":"page","link":"https:\/\/www.lacna3dtlac.sk\/","title":{"rendered":""},"content":{"rendered":"\n<div style=\"height:80px\" aria-hidden=\"true\" class=\"wp-block-spacer\"><\/div>\n\n\n\n<div class=\"wp-block-columns\">\n<div class=\"wp-block-column\">\n<div class=\"wp-block-image icon-style is-style-default\"><figure class=\"aligncenter is-resized\"><img loading=\"lazy\" src=\"https:\/\/www.lacna3dtlac.sk\/wp-content\/themes\/neve\/assets\/img\/starter-content\/icon-03.svg\" alt=\"\" width=\"48\" height=\"48\"\/><\/figure><\/div>\n\n\n\n<h3 class=\"has-text-align-center has-neve-text-color-color has-text-color\">Najlep\u0161ia cena na trhu<\/h3>\n\n\n\n<p class=\"has-text-align-center\">S najv\u00e4\u010d\u0161ou pravdepodobnos\u0165ou V\u00e1m pon\u00fakneme v\u00fdrazne lep\u0161iu cenu v rovnakej kvalite, lep\u0161iu kvalitu v rovnakej cene, alebo rovnak\u00fa cenu pri podstatne r\u00fdchlej\u0161om dodan\u00ed ako ak\u00e1ko\u013evek konkurencia. <\/p>\n\n\n\n<div style=\"height:20px\" aria-hidden=\"true\" class=\"wp-block-spacer\"><\/div>\n<\/div>\n\n\n\n<div class=\"wp-block-column\">\n<div class=\"wp-block-image icon-style is-style-default\"><figure class=\"aligncenter is-resized\"><img loading=\"lazy\" src=\"https:\/\/www.lacna3dtlac.sk\/wp-content\/themes\/neve\/assets\/img\/starter-content\/icon-02.svg\" alt=\"\" width=\"48\" height=\"48\"\/><\/figure><\/div>\n\n\n\n<h3 class=\"has-text-align-center has-neve-text-color-color has-text-color\">Garancia kvality<\/h3>\n\n\n\n<p class=\"has-text-align-center\">Sme jedna z najstar\u0161\u00edch spolo\u010dnost\u00ed na Slovensku so zameran\u00edm na z\u00e1kazkov\u00fa 3D tla\u010d. Dlh\u00e9 roky sk\u00fasenost\u00ed nespo\u010detn\u00e9 mno\u017estvo zrealizovan\u00fdch projektov s\u00fa z\u00e1rukou prvotriednej kvality. <\/p>\n<\/div>\n\n\n\n<div class=\"wp-block-column\">\n<div class=\"wp-block-image icon-style is-style-rounded\"><figure class=\"aligncenter is-resized\"><img loading=\"lazy\" src=\"https:\/\/www.lacna3dtlac.sk\/wp-content\/themes\/neve\/assets\/img\/starter-content\/icon-01.svg\" alt=\"\" width=\"48\" height=\"48\"\/><\/figure><\/div>\n\n\n\n<h3 class=\"has-text-align-center has-neve-text-color-color has-text-color\">Expresn\u00e9 dodanie<\/h3>\n\n\n\n<p class=\"has-text-align-center\">V\u00e4\u010d\u0161inu objedn\u00e1vok expedujeme u\u017e do 1 pracovn\u00e9ho d\u0148a. V pr\u00edpade potreby e\u0161te r\u00fdchlej\u0161ieho dodania, pon\u00fakame mo\u017enos\u0165 expresnej tla\u010de aj cez v\u00edkend, \u010di sviatok.<\/p>\n\n\n\n<div style=\"height:20px\" aria-hidden=\"true\" class=\"wp-block-spacer\"><\/div>\n<\/div>\n<\/div>\n","protected":false},"excerpt":{"rendered":"<p>Najlep\u0161ia cena na trhu S najv\u00e4\u010d\u0161ou pravdepodobnos\u0165ou V\u00e1m pon\u00fakneme v\u00fdrazne lep\u0161iu cenu v rovnakej kvalite, lep\u0161iu kvalitu v rovnakej cene, alebo rovnak\u00fa cenu pri podstatne r\u00fdchlej\u0161om dodan\u00ed ako ak\u00e1ko\u013evek konkurencia. Garancia kvality Sme jedna z najstar\u0161\u00edch spolo\u010dnost\u00ed na Slovensku so zameran\u00edm na z\u00e1kazkov\u00fa 3D tla\u010d. Dlh\u00e9 roky sk\u00fasenost\u00ed nespo\u010detn\u00e9 mno\u017estvo zrealizovan\u00fdch projektov s\u00fa z\u00e1rukou prvotriednej [&hellip;]<\/p>\n","protected":false},"author":1,"featured_media":29,"parent":0,"menu_order":0,"comment_status":"closed","ping_status":"closed","template":"","meta":{"_monsterinsights_skip_tracking":false,"_monsterinsights_sitenote_active":false,"_monsterinsights_sitenote_note":"","_monsterinsights_sitenote_category":0},"yoast_head":"<!-- This site is optimized with the Yoast SEO plugin v15.6.2 - https:\/\/yoast.com\/wordpress\/plugins\/seo\/ -->\n<title>Lacn\u00e1 3D tla\u010d - z\u00e1kazkov\u00e1 3D tla\u010d - Maxim\u00e1lna kvalita za najlep\u0161ie ceny<\/title>\n<meta name=\"description\" content=\"Z\u00e1kazkov\u00e1 3D tla\u010d u\u017e od jedn\u00e9ho kusu priamo v Pre\u0161ove s expresn\u00fdm dodan\u00edm kamko\u013evek. Maxim\u00e1lna kvalita za najlep\u0161ie ceny u\u017e od roku 2012.\" \/>\n<meta name=\"robots\" content=\"index, follow, max-snippet:-1, max-image-preview:large, max-video-preview:-1\" \/>\n<link rel=\"canonical\" href=\"https:\/\/www.lacna3dtlac.sk\/\" \/>\n<meta property=\"og:locale\" content=\"sk_SK\" \/>\n<meta property=\"og:type\" content=\"article\" \/>\n<meta property=\"og:title\" content=\"Lacn\u00e1 3D tla\u010d - z\u00e1kazkov\u00e1 3D tla\u010d - Maxim\u00e1lna kvalita za najlep\u0161ie ceny\" \/>\n<meta property=\"og:description\" content=\"Z\u00e1kazkov\u00e1 3D tla\u010d u\u017e od jedn\u00e9ho kusu priamo v Pre\u0161ove s expresn\u00fdm dodan\u00edm kamko\u013evek. Maxim\u00e1lna kvalita za najlep\u0161ie ceny u\u017e od roku 2012.\" \/>\n<meta property=\"og:url\" content=\"https:\/\/www.lacna3dtlac.sk\/\" \/>\n<meta property=\"og:site_name\" content=\"Lacn\u00e1 3D tla\u010d\" \/>\n<meta property=\"article:modified_time\" content=\"2021-01-22T20:35:16+00:00\" \/>\n<meta property=\"og:image\" content=\"https:\/\/www.lacna3dtlac.sk\/wp-content\/uploads\/2021\/01\/44063013_1397460617023321_6278469114113556480_o.jpg\" \/>\n\t<meta property=\"og:image:width\" content=\"2048\" \/>\n\t<meta property=\"og:image:height\" content=\"1536\" \/>\n<meta name=\"twitter:card\" content=\"summary_large_image\" \/>\n<meta name=\"twitter:label1\" content=\"Predpokladan\u00fd \u010das \u010d\u00edtania\">\n\t<meta name=\"twitter:data1\" content=\"1 min\u00fata\">\n<script type=\"application\/ld+json\" class=\"yoast-schema-graph\">{\"@context\":\"https:\/\/schema.org\",\"@graph\":[{\"@type\":\"WebSite\",\"@id\":\"https:\/\/www.lacna3dtlac.sk\/#website\",\"url\":\"https:\/\/www.lacna3dtlac.sk\/\",\"name\":\"Lacn\\u00e1 3D tla\\u010d\",\"description\":\"Z\\u00e1kazkov\\u00e1 3D tla\\u010d pre ka\\u017ed\\u00e9ho\",\"potentialAction\":[{\"@type\":\"SearchAction\",\"target\":\"https:\/\/www.lacna3dtlac.sk\/?s={search_term_string}\",\"query-input\":\"required name=search_term_string\"}],\"inLanguage\":\"sk-SK\"},{\"@type\":\"ImageObject\",\"@id\":\"https:\/\/www.lacna3dtlac.sk\/#primaryimage\",\"inLanguage\":\"sk-SK\",\"url\":\"https:\/\/www.lacna3dtlac.sk\/wp-content\/uploads\/2021\/01\/44063013_1397460617023321_6278469114113556480_o.jpg\",\"width\":2048,\"height\":1536},{\"@type\":\"WebPage\",\"@id\":\"https:\/\/www.lacna3dtlac.sk\/#webpage\",\"url\":\"https:\/\/www.lacna3dtlac.sk\/\",\"name\":\"Lacn\\u00e1 3D tla\\u010d - z\\u00e1kazkov\\u00e1 3D tla\\u010d - Maxim\\u00e1lna kvalita za najlep\\u0161ie ceny\",\"isPartOf\":{\"@id\":\"https:\/\/www.lacna3dtlac.sk\/#website\"},\"primaryImageOfPage\":{\"@id\":\"https:\/\/www.lacna3dtlac.sk\/#primaryimage\"},\"datePublished\":\"2021-01-21T20:36:52+00:00\",\"dateModified\":\"2021-01-22T20:35:16+00:00\",\"description\":\"Z\\u00e1kazkov\\u00e1 3D tla\\u010d u\\u017e od jedn\\u00e9ho kusu priamo v Pre\\u0161ove s expresn\\u00fdm dodan\\u00edm kamko\\u013evek. Maxim\\u00e1lna kvalita za najlep\\u0161ie ceny u\\u017e od roku 2012.\",\"inLanguage\":\"sk-SK\",\"potentialAction\":[{\"@type\":\"ReadAction\",\"target\":[\"https:\/\/www.lacna3dtlac.sk\/\"]}]}]}<\/script>\n<!-- \/ Yoast SEO plugin. -->","_links":{"self":[{"href":"https:\/\/www.lacna3dtlac.sk\/index.php?rest_route=\/wp\/v2\/pages\/6"}],"collection":[{"href":"https:\/\/www.lacna3dtlac.sk\/index.php?rest_route=\/wp\/v2\/pages"}],"about":[{"href":"https:\/\/www.lacna3dtlac.sk\/index.php?rest_route=\/wp\/v2\/types\/page"}],"author":[{"embeddable":true,"href":"https:\/\/www.lacna3dtlac.sk\/index.php?rest_route=\/wp\/v2\/users\/1"}],"replies":[{"embeddable":true,"href":"https:\/\/www.lacna3dtlac.sk\/index.php?rest_route=%2Fwp%2Fv2%2Fcomments&post=6"}],"version-history":[{"count":5,"href":"https:\/\/www.lacna3dtlac.sk\/index.php?rest_route=\/wp\/v2\/pages\/6\/revisions"}],"predecessor-version":[{"id":85,"href":"https:\/\/www.lacna3dtlac.sk\/index.php?rest_route=\/wp\/v2\/pages\/6\/revisions\/85"}],"wp:featuredmedia":[{"embeddable":true,"href":"https:\/\/www.lacna3dtlac.sk\/index.php?rest_route=\/wp\/v2\/media\/29"}],"wp:attachment":[{"href":"https:\/\/www.lacna3dtlac.sk\/index.php?rest_route=%2Fwp%2Fv2%2Fmedia&parent=6"}],"curies":[{"name":"wp","href":"https:\/\/api.w.org\/{rel}","templated":true}]}}